{"id":12820,"date":"2020-04-07T13:53:27","date_gmt":"2020-04-07T13:53:27","guid":{"rendered":"https:\/\/zenrelia.vetnia.es\/inicio\/"},"modified":"2026-05-12T08:35:07","modified_gmt":"2026-05-12T08:35:07","slug":"inicio","status":"publish","type":"page","link":"https:\/\/zenrelia.vetnia.es\/pt-pt\/","title":{"rendered":"In\u00edcio"},"content":{"rendered":"\t\t<div data-elementor-type=\"wp-page\" data-elementor-id=\"12820\" class=\"elementor elementor-12820 elementor-8040\" data-elementor-post-type=\"page\">\n\t\t\t\t<div class=\"elementor-element elementor-element-24ce500 e-flex e-con-boxed e-con e-parent\" data-id=\"24ce500\" data-element_type=\"container\" data-e-type=\"container\" data-settings=\"{&quot;background_background&quot;:&quot;classic&quot;}\">\n\t\t\t\t\t<div class=\"e-con-inner\">\n\t\t<div class=\"elementor-element elementor-element-ce38c2b e-con-full e-flex e-con e-child\" data-id=\"ce38c2b\" data-element_type=\"container\" data-e-type=\"container\">\n\t\t\t\t<div class=\"elementor-element elementor-element-52760b3 content-align-left the7-hover-visibility-disabled transform-overlay-yes exceeding-frame-yes elementor-widget elementor-widget-the7-image-widget\" data-id=\"52760b3\" data-element_type=\"widget\" data-e-type=\"widget\" data-settings=\"{&quot;hover_visibility&quot;:&quot;disabled&quot;}\" data-widget_type=\"the7-image-widget.default\">\n\t\t\t\t<div class=\"elementor-widget-container\">\n\t\t\t\t\t<div class=\"the7-image-container\"><div class=\"the7-image-wrapper the7-elementor-widget the7-transform-container\"><div class=\"post-thumbnail-rollover layzr-bg img-css-resize-wrapper\"><img fetchpriority=\"high\" decoding=\"async\" width=\"2560\" height=\"1280\" src=\"data:image\/svg+xml,%3Csvg%20xmlns%3D&#039;http%3A%2F%2Fwww.w3.org%2F2000%2Fsvg&#039;%20viewBox%3D&#039;0%200%202560%201280&#039;%2F%3E\" class=\"attachment-full size-full preload-me aspect lazy lazy-load\" alt=\"\" sizes=\"(max-width: 2560px) 100vw, 2560px\" style=\"--ratio: 2560 \/ 1280;\" data-src=\"https:\/\/zenrelia.vetnia.es\/wp-content\/uploads\/2026\/05\/ad0201a3222ec7df4bc4c2df7f029ca5e5e95821-scaled.png\" loading=\"eager\" data-srcset=\"https:\/\/zenrelia.vetnia.es\/wp-content\/uploads\/2026\/05\/ad0201a3222ec7df4bc4c2df7f029ca5e5e95821-scaled.png 2560w, https:\/\/zenrelia.vetnia.es\/wp-content\/uploads\/2026\/05\/ad0201a3222ec7df4bc4c2df7f029ca5e5e95821-300x150.png 300w, https:\/\/zenrelia.vetnia.es\/wp-content\/uploads\/2026\/05\/ad0201a3222ec7df4bc4c2df7f029ca5e5e95821-1024x512.png 1024w, https:\/\/zenrelia.vetnia.es\/wp-content\/uploads\/2026\/05\/ad0201a3222ec7df4bc4c2df7f029ca5e5e95821-768x384.png 768w, https:\/\/zenrelia.vetnia.es\/wp-content\/uploads\/2026\/05\/ad0201a3222ec7df4bc4c2df7f029ca5e5e95821-1536x768.png 1536w, https:\/\/zenrelia.vetnia.es\/wp-content\/uploads\/2026\/05\/ad0201a3222ec7df4bc4c2df7f029ca5e5e95821-2048x1024.png 2048w\" \/><\/div><\/div><\/div>\t\t\t\t<\/div>\n\t\t\t\t<\/div>\n\t\t\t\t<\/div>\n\t\t<div class=\"elementor-element elementor-element-9d87b4e e-con-full e-flex e-con e-child\" data-id=\"9d87b4e\" data-element_type=\"container\" data-e-type=\"container\">\n\t\t<div class=\"elementor-element elementor-element-ee3c00d e-con-full e-flex e-con e-child\" data-id=\"ee3c00d\" data-element_type=\"container\" data-e-type=\"container\">\n\t\t\t\t<div class=\"elementor-element elementor-element-3c6f5a5 elementor-widget elementor-widget-text-editor\" data-id=\"3c6f5a5\" data-element_type=\"widget\" data-e-type=\"widget\" data-widget_type=\"text-editor.default\">\n\t\t\t\t\t\t\t\t\t<p>Bem-vindo ao seu espa\u00e7o <span style=\"color: #a1c522;\">Zensacional <\/span>e exclusivo para a dermatite at\u00f3pica.<\/p>\t\t\t\t\t\t\t\t<\/div>\n\t\t\t\t<div class=\"elementor-element elementor-element-06b80a6 elementor-widget elementor-widget-text-editor\" data-id=\"06b80a6\" data-element_type=\"widget\" data-e-type=\"widget\" data-widget_type=\"text-editor.default\">\n\t\t\t\t\t\t\t\t\t<p>Aprofunde os seus conhecimentos sobre a gest\u00e3o da dermatite at\u00f3pica<br \/>com conte\u00fados formativos, casos cl\u00ednicos e materiais pr\u00e1ticos para<br \/>o seu CAMV. Encontre aqui o suporte cient\u00edfico e cl\u00ednico que o(a) ajudar\u00e1<br \/>a manter o modo Zen nas suas consultas de dermatologia.<\/p>\t\t\t\t\t\t\t\t<\/div>\n\t\t\t\t<\/div>\n\t\t\t\t<\/div>\n\t\t<div class=\"elementor-element elementor-element-3975af8 e-con-full e-flex e-con e-child\" data-id=\"3975af8\" data-element_type=\"container\" data-e-type=\"container\">\n\t\t<div class=\"elementor-element elementor-element-2852d34 e-con-full e-flex e-con e-child\" data-id=\"2852d34\" data-element_type=\"container\" data-e-type=\"container\" data-settings=\"{&quot;background_background&quot;:&quot;classic&quot;}\">\n\t\t\t\t<div class=\"elementor-element elementor-element-57144f2 icon-position-right icon-vertical-align-center icon-position-tablet-right content-align-left icon-box-vertical-align-top elementor-widget elementor-widget-the7_icon_box_widget\" data-id=\"57144f2\" data-element_type=\"widget\" data-e-type=\"widget\" data-widget_type=\"the7_icon_box_widget.default\">\n\t\t\t\t<div class=\"elementor-widget-container\">\n\t\t\t\t\t\n\t\t<a class=\"the7-box-wrapper the7-elementor-widget box-hover the7_icon_box_widget-57144f2\" href=\"https:\/\/zenrelia.vetnia.es\/formacion-con-expertos\/\">\t\t\t<div class=\"box-content-wrapper\">\n\t\t\t\t\t\t\t\t\t<div class=\"elementor-icon-div\">\t\t\t\t\t\t<div class=\"elementor-icon\">\n\t\t\t\t\t\t\t<svg xmlns=\"http:\/\/www.w3.org\/2000\/svg\" width=\"45\" height=\"45\" viewBox=\"0 0 45 45\" fill=\"none\"><circle cx=\"22.5\" cy=\"22.5\" r=\"22.5\" fill=\"white\"><\/circle><path d=\"M11.7052 30.4786L27.9466 14.2373L14.0254 14.2373L13.9061 12.3679L31.1418 12.3679L31.1418 29.6036L29.2724 29.4843L29.2724 15.5631L13.031 31.8045L11.7052 30.4786Z\" fill=\"#215447\"><\/path><\/svg>\t\t\t\t\t\t<\/div>\n\t\t\t\t\t<\/div>\t\t\t\t\t\t\t\t<div class=\"box-content\">\n\t\t\t\t\t\t\t\t\t\t\t\t\t\t\t\t\t<h4 class=\"box-heading\">\n\t\t\t\t\t\t\t\t\t\t\t\t\t\t\tForma\u00e7\u00e3o com especialistas\t\t\t\t\t\t\t\t\t\t\t\t\t<\/h4>\n\t\t\t\t\t\t\t\t\t\t\n\t\t\t\t\t\n\t\t\t\t<\/div>\n\t\t\t<\/div>\n\t\t<\/a>\t\t\t\t\t<\/div>\n\t\t\t\t<\/div>\n\t\t\t\t<\/div>\n\t\t<div class=\"elementor-element elementor-element-e396576 e-con-full e-flex e-con e-child\" data-id=\"e396576\" data-element_type=\"container\" data-e-type=\"container\" data-settings=\"{&quot;background_background&quot;:&quot;classic&quot;}\">\n\t\t\t\t<div class=\"elementor-element elementor-element-106a6d9 icon-position-right icon-vertical-align-center content-align-left icon-box-vertical-align-top elementor-widget elementor-widget-the7_icon_box_widget\" data-id=\"106a6d9\" data-element_type=\"widget\" data-e-type=\"widget\" data-widget_type=\"the7_icon_box_widget.default\">\n\t\t\t\t<div class=\"elementor-widget-container\">\n\t\t\t\t\t\n\t\t<a class=\"the7-box-wrapper the7-elementor-widget box-hover the7_icon_box_widget-106a6d9\" href=\"https:\/\/zenrelia.vetnia.es\/casos-clinicos\/\">\t\t\t<div class=\"box-content-wrapper\">\n\t\t\t\t\t\t\t\t\t<div class=\"elementor-icon-div\">\t\t\t\t\t\t<div class=\"elementor-icon\">\n\t\t\t\t\t\t\t<svg xmlns=\"http:\/\/www.w3.org\/2000\/svg\" width=\"45\" height=\"45\" viewBox=\"0 0 45 45\" fill=\"none\"><circle cx=\"22.5\" cy=\"22.5\" r=\"22.5\" fill=\"white\"><\/circle><path d=\"M11.7052 30.4786L27.9466 14.2373L14.0254 14.2373L13.9061 12.3679L31.1418 12.3679L31.1418 29.6036L29.2724 29.4843L29.2724 15.5631L13.031 31.8045L11.7052 30.4786Z\" fill=\"#215447\"><\/path><\/svg>\t\t\t\t\t\t<\/div>\n\t\t\t\t\t<\/div>\t\t\t\t\t\t\t\t<div class=\"box-content\">\n\t\t\t\t\t\t\t\t\t\t\t\t\t\t\t\t\t<h4 class=\"box-heading\">\n\t\t\t\t\t\t\t\t\t\t\t\t\t\t\tCasos cl\u00ednicos\t\t\t\t\t\t\t\t\t\t\t\t\t<\/h4>\n\t\t\t\t\t\t\t\t\t\t\n\t\t\t\t\t\n\t\t\t\t<\/div>\n\t\t\t<\/div>\n\t\t<\/a>\t\t\t\t\t<\/div>\n\t\t\t\t<\/div>\n\t\t\t\t<\/div>\n\t\t<div class=\"elementor-element elementor-element-3a853c9 e-con-full e-flex e-con e-child\" data-id=\"3a853c9\" data-element_type=\"container\" data-e-type=\"container\" data-settings=\"{&quot;background_background&quot;:&quot;classic&quot;}\">\n\t\t\t\t<div class=\"elementor-element elementor-element-ab5d5d7 icon-position-right icon-vertical-align-center content-align-left icon-box-vertical-align-top elementor-widget elementor-widget-the7_icon_box_widget\" data-id=\"ab5d5d7\" data-element_type=\"widget\" data-e-type=\"widget\" data-widget_type=\"the7_icon_box_widget.default\">\n\t\t\t\t<div class=\"elementor-widget-container\">\n\t\t\t\t\t\n\t\t<a class=\"the7-box-wrapper the7-elementor-widget box-hover the7_icon_box_widget-ab5d5d7\" href=\"https:\/\/zenrelia.vetnia.es\/recursos-zen\/\">\t\t\t<div class=\"box-content-wrapper\">\n\t\t\t\t\t\t\t\t\t<div class=\"elementor-icon-div\">\t\t\t\t\t\t<div class=\"elementor-icon\">\n\t\t\t\t\t\t\t<svg xmlns=\"http:\/\/www.w3.org\/2000\/svg\" width=\"45\" height=\"45\" viewBox=\"0 0 45 45\" fill=\"none\"><circle cx=\"22.5\" cy=\"22.5\" r=\"22.5\" fill=\"white\"><\/circle><path d=\"M11.7052 30.4786L27.9466 14.2373L14.0254 14.2373L13.9061 12.3679L31.1418 12.3679L31.1418 29.6036L29.2724 29.4843L29.2724 15.5631L13.031 31.8045L11.7052 30.4786Z\" fill=\"#215447\"><\/path><\/svg>\t\t\t\t\t\t<\/div>\n\t\t\t\t\t<\/div>\t\t\t\t\t\t\t\t<div class=\"box-content\">\n\t\t\t\t\t\t\t\t\t\t\t\t\t\t\t\t\t<h4 class=\"box-heading\">\n\t\t\t\t\t\t\t\t\t\t\t\t\t\t\tRecursos Zen\t\t\t\t\t\t\t\t\t\t\t\t\t<\/h4>\n\t\t\t\t\t\t\t\t\t\t\n\t\t\t\t\t\n\t\t\t\t<\/div>\n\t\t\t<\/div>\n\t\t<\/a>\t\t\t\t\t<\/div>\n\t\t\t\t<\/div>\n\t\t\t\t<\/div>\n\t\t\t\t<\/div>\n\t\t\t\t\t<\/div>\n\t\t\t\t<\/div>\n\t\t<div class=\"elementor-element elementor-element-179e346 e-flex e-con-boxed e-con e-parent\" data-id=\"179e346\" data-element_type=\"container\" data-e-type=\"container\">\n\t\t\t\t\t<div class=\"e-con-inner\">\n\t\t\t\t<div class=\"elementor-element elementor-element-be117fd content-align-left the7-hover-visibility-disabled transform-overlay-yes exceeding-frame-yes elementor-widget elementor-widget-the7-image-widget\" data-id=\"be117fd\" data-element_type=\"widget\" data-e-type=\"widget\" data-settings=\"{&quot;hover_visibility&quot;:&quot;disabled&quot;}\" data-widget_type=\"the7-image-widget.default\">\n\t\t\t\t<div class=\"elementor-widget-container\">\n\t\t\t\t\t<div class=\"the7-image-container\"><div class=\"the7-image-wrapper the7-elementor-widget the7-transform-container\"><div class=\"post-thumbnail-rollover layzr-bg img-css-resize-wrapper\"><img decoding=\"async\" width=\"2560\" height=\"37\" src=\"data:image\/svg+xml,%3Csvg%20xmlns%3D&#039;http%3A%2F%2Fwww.w3.org%2F2000%2Fsvg&#039;%20viewBox%3D&#039;0%200%202560%2037&#039;%2F%3E\" class=\"attachment-full size-full preload-me aspect lazy lazy-load\" alt=\"\" sizes=\"(max-width: 2560px) 100vw, 2560px\" style=\"--ratio: 2560 \/ 37;\" data-src=\"https:\/\/zenrelia.vetnia.es\/wp-content\/uploads\/2026\/03\/linea-scaled.png\" loading=\"eager\" data-srcset=\"https:\/\/zenrelia.vetnia.es\/wp-content\/uploads\/2026\/03\/linea-scaled.png 2560w, https:\/\/zenrelia.vetnia.es\/wp-content\/uploads\/2026\/03\/linea-300x4.png 300w, https:\/\/zenrelia.vetnia.es\/wp-content\/uploads\/2026\/03\/linea-1024x15.png 1024w, https:\/\/zenrelia.vetnia.es\/wp-content\/uploads\/2026\/03\/linea-768x11.png 768w, https:\/\/zenrelia.vetnia.es\/wp-content\/uploads\/2026\/03\/linea-1536x22.png 1536w, https:\/\/zenrelia.vetnia.es\/wp-content\/uploads\/2026\/03\/linea-2048x29.png 2048w\" \/><\/div><\/div><\/div>\t\t\t\t<\/div>\n\t\t\t\t<\/div>\n\t\t\t\t\t<\/div>\n\t\t\t\t<\/div>\n\t\t\t\t<\/div>\n\t\t","protected":false},"excerpt":{"rendered":"<p>Bem-vindo ao seu espa\u00e7o Zensacional e exclusivo para a dermatite at\u00f3pica. Aprofunde os seus conhecimentos sobre a gest\u00e3o da dermatite at\u00f3picacom conte\u00fados formativos, casos cl\u00ednicos e materiais pr\u00e1ticos parao seu CAMV. Encontre aqui o suporte cient\u00edfico e cl\u00ednico que o(a) ajudar\u00e1a manter o modo Zen nas suas consultas de dermatologia. Forma\u00e7\u00e3o com especialistas Casos cl\u00ednicos&hellip;<\/p>\n","protected":false},"author":1,"featured_media":0,"parent":0,"menu_order":2,"comment_status":"closed","ping_status":"closed","template":"elementor_header_footer","meta":{"footnotes":""},"class_list":["post-12820","page","type-page","status-publish","hentry"],"_links":{"self":[{"href":"https:\/\/zenrelia.vetnia.es\/pt-pt\/wp-json\/wp\/v2\/pages\/12820","targetHints":{"allow":["GET"]}}],"collection":[{"href":"https:\/\/zenrelia.vetnia.es\/pt-pt\/wp-json\/wp\/v2\/pages"}],"about":[{"href":"https:\/\/zenrelia.vetnia.es\/pt-pt\/wp-json\/wp\/v2\/types\/page"}],"author":[{"embeddable":true,"href":"https:\/\/zenrelia.vetnia.es\/pt-pt\/wp-json\/wp\/v2\/users\/1"}],"replies":[{"embeddable":true,"href":"https:\/\/zenrelia.vetnia.es\/pt-pt\/wp-json\/wp\/v2\/comments?post=12820"}],"version-history":[{"count":10,"href":"https:\/\/zenrelia.vetnia.es\/pt-pt\/wp-json\/wp\/v2\/pages\/12820\/revisions"}],"predecessor-version":[{"id":13031,"href":"https:\/\/zenrelia.vetnia.es\/pt-pt\/wp-json\/wp\/v2\/pages\/12820\/revisions\/13031"}],"wp:attachment":[{"href":"https:\/\/zenrelia.vetnia.es\/pt-pt\/wp-json\/wp\/v2\/media?parent=12820"}],"curies":[{"name":"wp","href":"https:\/\/api.w.org\/{rel}","templated":true}]}}